{"id":2218,"date":"2021-10-27T16:35:42","date_gmt":"2021-10-27T14:35:42","guid":{"rendered":"https:\/\/techneaudiag.com\/?page_id=2218"},"modified":"2021-10-27T16:55:53","modified_gmt":"2021-10-27T14:55:53","slug":"mentions-legales","status":"publish","type":"page","link":"https:\/\/techneaudiag.com\/index.php\/mentions-legales\/","title":{"rendered":"Mentions L\u00e9gales"},"content":{"rendered":"<div data-colibri-id=\"2218-c1\" class=\"style-955 style-local-2218-c1 position-relative\">\r\n  <!---->\r\n  <div data-colibri-component=\"section\" data-colibri-id=\"2218-c2\" id=\"initial-content\" class=\"h-section h-section-global-spacing d-flex align-items-lg-center align-items-md-center align-items-center style-956 style-local-2218-c2 position-relative\">\r\n    <!---->\r\n    <!---->\r\n    <div class=\"h-section-grid-container h-section-boxed-container\">\r\n      <!---->\r\n      <div data-colibri-id=\"2218-c3\" class=\"h-row-container gutters-row-lg-2 gutters-row-md-2 gutters-row-0 gutters-row-v-lg-2 gutters-row-v-md-2 gutters-row-v-2 style-957 style-local-2218-c3 position-relative\">\r\n        <!---->\r\n        <div class=\"h-row justify-content-lg-center justify-content-md-center justify-content-center align-items-lg-stretch align-items-md-stretch align-items-stretch gutters-col-lg-2 gutters-col-md-2 gutters-col-0 gutters-col-v-lg-2 gutters-col-v-md-2 gutters-col-v-2\">\r\n          <!---->\r\n          <div class=\"h-column h-column-container d-flex h-col-lg-auto h-col-md-auto h-col-auto style-958-outer style-local-2218-c4-outer\">\r\n            <div data-colibri-id=\"2218-c4\" class=\"d-flex h-flex-basis h-column__inner h-px-lg-2 h-px-md-2 h-px-2 v-inner-lg-2 v-inner-md-2 v-inner-2 style-958 style-local-2218-c4 position-relative\">\r\n              <!---->\r\n              <!---->\r\n              <div class=\"w-100 h-y-container h-column__content h-column__v-align flex-basis-100 align-self-lg-start align-self-md-start align-self-start\">\r\n                <!---->\r\n                <div data-colibri-id=\"2218-c5\" class=\"style-959 style-local-2218-c5 position-relative h-element\">\r\n                  <!---->\r\n                  <div>\r\n                    \r\n                    <p><strong>Propri\u00e9t\u00e9s du Site:<\/strong><\/p>\r\n                    \r\n\r\n                    \r\n                    <p>David DENOT<\/p>\r\n                    \r\n\r\n                    \r\n                    <p>Adresse: 4 Impasse de Vieilles Terres 14670 Saint Ouen du Mesnil Auger<\/p>\r\n                    \r\n\r\n                    \r\n                    <p>Siret: <\/p>\r\n                    \r\n\r\n                    \r\n                    <p>Mail contact@techneaudiag.com<\/p>\r\n                    \r\n\r\n                    \r\n                    <p>T\u00e9l:06 51 05 48 91<\/p>\r\n                    \r\n\r\n                    \r\n                    <p><strong>H\u00e9bergement du site:<\/strong><\/p>\r\n                    \r\n\r\n                    \r\n                    <p>OVH<\/p>\r\n                    \r\n\r\n                    \r\n                    <p>2 rue Kellermann 59100 ROUBAIX<\/p>\r\n                    \r\n\r\n                    \r\n                    <p>RCS: Lille Metropole 424 761 419 00045<\/p>\r\n                    \r\n\r\n                    \r\n                    <p><strong>Conception du Site:<\/strong><\/p>\r\n                    \r\n\r\n                    \r\n                    <p>Le site a \u00e9t\u00e9 con\u00e7u et d\u00e9velopp\u00e9 par Highway to Web, tous droits r\u00e9serv\u00e9s.<\/p>\r\n                    \r\n\r\n                    \r\n                    <p>Siret: 88972013200014<\/p>\r\n                    \r\n\r\n                    \r\n                    <p>38 rue du Mar\u00e9chal Delattre de Tassigny 14530 Luc sur mer<\/p>\r\n                    \r\n\r\n                    \r\n                    <p>0622421559<\/p>\r\n                    \r\n\r\n                    \r\n                    <p>www.highway-to-web.fr<\/p>\r\n                    \r\n\r\n                    \r\n                    <p>contact.highwaytoweb@gmail.com.<\/p>\r\n                    \r\n\r\n                    \r\n                    <p><strong>Avertissement l\u00e9gal<\/strong><\/p>\r\n                    \r\n\r\n                    \r\n                    <p>Vous disposez d\u2019un droit d\u2019acc\u00e8s, de modification, de rectification et de suppression des donn\u00e9es vous concernant.(art 34 de la loi \u00ab\u00a0informatique et libert\u00e9s\u00a0\u00bb du 6 janvier 1978).<\/p>\r\n                    \r\n\r\n                    \r\n                    <p><strong>Autres sites web<\/strong><\/p>\r\n                    \r\n\r\n                    \r\n                    <p>Le pr\u00e9sent site web peut contenir des liens vers d\u2019autres sites. Nous nous effor\u00e7ons \u00e0 cet \u00e9gard d\u2019\u00e9tablir des liens uniquement vers des sites qui partagent notre niveau d\u2019exigence en mati\u00e8re de respect de la confidentialit\u00e9. Toutefois\r\n                      nous ne sommes pas responsables du contenu des autres sites ni de leurs pratiques en mati\u00e8re d\u2019informations personnelles.<\/p>\r\n                    \r\n\r\n                    \r\n                    <p><strong>Copyright<\/strong><\/p>\r\n                    \r\n\r\n                    \r\n                    <p>Tous les \u00e9l\u00e9ments contenu sur ce site ne peuvent \u00eatre copi\u00e9s \u00e0 des fins commerciales ou de diffusion, ni \u00eatre modifi\u00e9s ou utilis\u00e9s sur d\u2019autres sites.<\/p>\r\n                    \r\n\r\n                    \r\n                    <p>Cr\u00e9dits Photos: Highway To Web, Adobe Stock, David Denot.<\/p>\r\n                    \r\n                  <\/div>\r\n                <\/div>\r\n              <\/div>\r\n            <\/div>\r\n          <\/div>\r\n        <\/div>\r\n      <\/div>\r\n    <\/div>\r\n  <\/div>\r\n<\/div>","protected":false},"excerpt":{"rendered":"<p>Propri\u00e9t\u00e9s du Site: David DENOT Adresse: 4 Impasse de Vieilles Terres 14670 Saint Ouen du Mesnil Auger Siret: Mail contact@techneaudiag.com T\u00e9l:06 51 05 48 91 H\u00e9bergement du site: OVH 2 rue Kellermann 59100 ROUBAIX RCS: Lille Metropole 424 761 419 00045 Conception du Site: Le site a \u00e9t\u00e9 con\u00e7u et d\u00e9velopp\u00e9 par Highway to Web, [&hellip;]<\/p>\n","protected":false},"author":1,"featured_media":0,"parent":0,"menu_order":0,"comment_status":"closed","ping_status":"closed","template":"page-templates\/full-width-page.php","meta":[],"yoast_head":"<!-- This site is optimized with the Yoast SEO plugin v19.8 - https:\/\/yoast.com\/wordpress\/plugins\/seo\/ -->\n<title>Mentions L\u00e9gales<\/title>\n<meta name=\"description\" content=\"Mentions l\u00e9gales\" \/>\n<meta name=\"robots\" content=\"index, follow, max-snippet:-1, max-image-preview:large, max-video-preview:-1\" \/>\n<link rel=\"canonical\" href=\"https:\/\/techneaudiag.com\/index.php\/mentions-legales\/\" \/>\n<meta property=\"og:locale\" content=\"fr_FR\" \/>\n<meta property=\"og:type\" content=\"article\" \/>\n<meta property=\"og:title\" content=\"Mentions L\u00e9gales\" \/>\n<meta property=\"og:description\" content=\"Mentions l\u00e9gales\" \/>\n<meta property=\"og:url\" content=\"https:\/\/techneaudiag.com\/index.php\/mentions-legales\/\" \/>\n<meta property=\"og:site_name\" content=\"Techn&#039; Eau Diag\" \/>\n<meta property=\"article:modified_time\" content=\"2021-10-27T14:55:53+00:00\" \/>\n<meta name=\"twitter:card\" content=\"summary_large_image\" \/>\n<meta name=\"twitter:label1\" content=\"Dur\u00e9e de lecture estim\u00e9e\" \/>\n\t<meta name=\"twitter:data1\" content=\"1 minute\" \/>\n<script type=\"application\/ld+json\" class=\"yoast-schema-graph\">{\"@context\":\"https:\/\/schema.org\",\"@graph\":[{\"@type\":\"WebPage\",\"@id\":\"https:\/\/techneaudiag.com\/index.php\/mentions-legales\/\",\"url\":\"https:\/\/techneaudiag.com\/index.php\/mentions-legales\/\",\"name\":\"Mentions L\u00e9gales\",\"isPartOf\":{\"@id\":\"https:\/\/techneaudiag.com\/#website\"},\"datePublished\":\"2021-10-27T14:35:42+00:00\",\"dateModified\":\"2021-10-27T14:55:53+00:00\",\"description\":\"Mentions l\u00e9gales\",\"breadcrumb\":{\"@id\":\"https:\/\/techneaudiag.com\/index.php\/mentions-legales\/#breadcrumb\"},\"inLanguage\":\"fr-FR\",\"potentialAction\":[{\"@type\":\"ReadAction\",\"target\":[\"https:\/\/techneaudiag.com\/index.php\/mentions-legales\/\"]}]},{\"@type\":\"BreadcrumbList\",\"@id\":\"https:\/\/techneaudiag.com\/index.php\/mentions-legales\/#breadcrumb\",\"itemListElement\":[{\"@type\":\"ListItem\",\"position\":1,\"name\":\"Accueil\",\"item\":\"https:\/\/techneaudiag.com\/\"},{\"@type\":\"ListItem\",\"position\":2,\"name\":\"Mentions L\u00e9gales\"}]},{\"@type\":\"WebSite\",\"@id\":\"https:\/\/techneaudiag.com\/#website\",\"url\":\"https:\/\/techneaudiag.com\/\",\"name\":\"techneaudiag\",\"description\":\"\",\"publisher\":{\"@id\":\"https:\/\/techneaudiag.com\/#organization\"},\"potentialAction\":[{\"@type\":\"SearchAction\",\"target\":{\"@type\":\"EntryPoint\",\"urlTemplate\":\"https:\/\/techneaudiag.com\/?s={search_term_string}\"},\"query-input\":\"required name=search_term_string\"}],\"inLanguage\":\"fr-FR\"},{\"@type\":\"Organization\",\"@id\":\"https:\/\/techneaudiag.com\/#organization\",\"name\":\"Techn'eau Diag\",\"url\":\"https:\/\/techneaudiag.com\/\",\"sameAs\":[],\"logo\":{\"@type\":\"ImageObject\",\"inLanguage\":\"fr-FR\",\"@id\":\"https:\/\/techneaudiag.com\/#\/schema\/logo\/image\/\",\"url\":\"https:\/\/techneaudiag.com\/wp-content\/uploads\/2021\/09\/cropped-cropped-cropped-cropped-cropped-LOGO-COULEURS-NOM-GRIS-fond-transp.png\",\"contentUrl\":\"https:\/\/techneaudiag.com\/wp-content\/uploads\/2021\/09\/cropped-cropped-cropped-cropped-cropped-LOGO-COULEURS-NOM-GRIS-fond-transp.png\",\"width\":568,\"height\":492,\"caption\":\"Techn'eau Diag\"},\"image\":{\"@id\":\"https:\/\/techneaudiag.com\/#\/schema\/logo\/image\/\"}}]}<\/script>\n<!-- \/ Yoast SEO plugin. -->","yoast_head_json":{"title":"Mentions L\u00e9gales","description":"Mentions l\u00e9gales","robots":{"index":"index","follow":"follow","max-snippet":"max-snippet:-1","max-image-preview":"max-image-preview:large","max-video-preview":"max-video-preview:-1"},"canonical":"https:\/\/techneaudiag.com\/index.php\/mentions-legales\/","og_locale":"fr_FR","og_type":"article","og_title":"Mentions L\u00e9gales","og_description":"Mentions l\u00e9gales","og_url":"https:\/\/techneaudiag.com\/index.php\/mentions-legales\/","og_site_name":"Techn&#039; Eau Diag","article_modified_time":"2021-10-27T14:55:53+00:00","twitter_card":"summary_large_image","twitter_misc":{"Dur\u00e9e de lecture estim\u00e9e":"1 minute"},"schema":{"@context":"https:\/\/schema.org","@graph":[{"@type":"WebPage","@id":"https:\/\/techneaudiag.com\/index.php\/mentions-legales\/","url":"https:\/\/techneaudiag.com\/index.php\/mentions-legales\/","name":"Mentions L\u00e9gales","isPartOf":{"@id":"https:\/\/techneaudiag.com\/#website"},"datePublished":"2021-10-27T14:35:42+00:00","dateModified":"2021-10-27T14:55:53+00:00","description":"Mentions l\u00e9gales","breadcrumb":{"@id":"https:\/\/techneaudiag.com\/index.php\/mentions-legales\/#breadcrumb"},"inLanguage":"fr-FR","potentialAction":[{"@type":"ReadAction","target":["https:\/\/techneaudiag.com\/index.php\/mentions-legales\/"]}]},{"@type":"BreadcrumbList","@id":"https:\/\/techneaudiag.com\/index.php\/mentions-legales\/#breadcrumb","itemListElement":[{"@type":"ListItem","position":1,"name":"Accueil","item":"https:\/\/techneaudiag.com\/"},{"@type":"ListItem","position":2,"name":"Mentions L\u00e9gales"}]},{"@type":"WebSite","@id":"https:\/\/techneaudiag.com\/#website","url":"https:\/\/techneaudiag.com\/","name":"techneaudiag","description":"","publisher":{"@id":"https:\/\/techneaudiag.com\/#organization"},"potentialAction":[{"@type":"SearchAction","target":{"@type":"EntryPoint","urlTemplate":"https:\/\/techneaudiag.com\/?s={search_term_string}"},"query-input":"required name=search_term_string"}],"inLanguage":"fr-FR"},{"@type":"Organization","@id":"https:\/\/techneaudiag.com\/#organization","name":"Techn'eau Diag","url":"https:\/\/techneaudiag.com\/","sameAs":[],"logo":{"@type":"ImageObject","inLanguage":"fr-FR","@id":"https:\/\/techneaudiag.com\/#\/schema\/logo\/image\/","url":"https:\/\/techneaudiag.com\/wp-content\/uploads\/2021\/09\/cropped-cropped-cropped-cropped-cropped-LOGO-COULEURS-NOM-GRIS-fond-transp.png","contentUrl":"https:\/\/techneaudiag.com\/wp-content\/uploads\/2021\/09\/cropped-cropped-cropped-cropped-cropped-LOGO-COULEURS-NOM-GRIS-fond-transp.png","width":568,"height":492,"caption":"Techn'eau Diag"},"image":{"@id":"https:\/\/techneaudiag.com\/#\/schema\/logo\/image\/"}}]}},"_links":{"self":[{"href":"https:\/\/techneaudiag.com\/index.php\/wp-json\/wp\/v2\/pages\/2218"}],"collection":[{"href":"https:\/\/techneaudiag.com\/index.php\/wp-json\/wp\/v2\/pages"}],"about":[{"href":"https:\/\/techneaudiag.com\/index.php\/wp-json\/wp\/v2\/types\/page"}],"author":[{"embeddable":true,"href":"https:\/\/techneaudiag.com\/index.php\/wp-json\/wp\/v2\/users\/1"}],"replies":[{"embeddable":true,"href":"https:\/\/techneaudiag.com\/index.php\/wp-json\/wp\/v2\/comments?post=2218"}],"version-history":[{"count":0,"href":"https:\/\/techneaudiag.com\/index.php\/wp-json\/wp\/v2\/pages\/2218\/revisions"}],"wp:attachment":[{"href":"https:\/\/techneaudiag.com\/index.php\/wp-json\/wp\/v2\/media?parent=2218"}],"curies":[{"name":"wp","href":"https:\/\/api.w.org\/{rel}","templated":true}]}}